{"id":108,"date":"2025-11-04T14:02:24","date_gmt":"2025-11-04T13:02:24","guid":{"rendered":"https:\/\/motusaqua.com\/serveis\/"},"modified":"2025-11-20T12:09:39","modified_gmt":"2025-11-20T11:09:39","slug":"serveis","status":"publish","type":"page","link":"https:\/\/motusaqua.com\/es\/serveis\/","title":{"rendered":"Servicios"},"content":{"rendered":"<p><div class=\"fusion-fullwidth fullwidth-box fusion-builder-row-1 fusion-flex-container has-pattern-background has-mask-background hundred-percent-fullwidth non-hundred-percent-height-scrolling\" style=\"--awb-border-radius-top-left:0px;--awb-border-radius-top-right:0px;--awb-border-radius-bottom-right:0px;--awb-border-radius-bottom-left:0px;--awb-padding-top:3%;--awb-padding-bottom:3%;--awb-flex-wrap:wrap;\" ><div class=\"fusion-builder-row fusion-row fusion-flex-align-items-center fusion-flex-content-wrap\" style=\"width:104% !important;max-width:104% !important;margin-left: calc(-4% \/ 2 );margin-right: calc(-4% \/ 2 );\"><div class=\"fusion-layout-column fusion_builder_column fusion-builder-column-0 fusion_builder_column_1_2 1_2 fusion-flex-column\" style=\"--awb-bg-size:cover;--awb-width-large:50%;--awb-margin-top-large:0px;--awb-spacing-right-large:3.84%;--awb-margin-bottom-large:20px;--awb-spacing-left-large:3.84%;--awb-width-medium:50%;--awb-order-medium:0;--awb-spacing-right-medium:3.84%;--awb-spacing-left-medium:3.84%;--awb-width-small:100%;--awb-order-small:0;--awb-spacing-right-small:1.92%;--awb-spacing-left-small:1.92%;\"><div class=\"fusion-column-wrapper fusion-column-has-shadow fusion-flex-justify-content-flex-start fusion-content-layout-column\"><div class=\"fusion-image-element \" style=\"text-align:center;--awb-max-width:60%;--awb-caption-title-font-family:var(--h2_typography-font-family);--awb-caption-title-font-weight:var(--h2_typography-font-weight);--awb-caption-title-font-style:var(--h2_typography-font-style);--awb-caption-title-size:var(--h2_typography-font-size);--awb-caption-title-transform:var(--h2_typography-text-transform);--awb-caption-title-line-height:var(--h2_typography-line-height);--awb-caption-title-letter-spacing:var(--h2_typography-letter-spacing);\"><span class=\" fusion-imageframe imageframe-none imageframe-1 hover-type-none\" style=\"border-radius:200px;\"><img decoding=\"async\" width=\"1200\" height=\"1500\" title=\"motus-aqua-1\" src=\"https:\/\/motusaqua.com\/wp-content\/uploads\/2025\/11\/motus-aqua-1.jpg\" alt class=\"img-responsive wp-image-121\" srcset=\"https:\/\/motusaqua.com\/wp-content\/uploads\/2025\/11\/motus-aqua-1-200x250.jpg 200w, https:\/\/motusaqua.com\/wp-content\/uploads\/2025\/11\/motus-aqua-1-400x500.jpg 400w, https:\/\/motusaqua.com\/wp-content\/uploads\/2025\/11\/motus-aqua-1-600x750.jpg 600w, https:\/\/motusaqua.com\/wp-content\/uploads\/2025\/11\/motus-aqua-1-800x1000.jpg 800w, https:\/\/motusaqua.com\/wp-content\/uploads\/2025\/11\/motus-aqua-1.jpg 1200w\" sizes=\"(max-width: 640px) 100vw, 600px\" \/><\/span><\/div><\/div><\/div><div class=\"fusion-layout-column fusion_builder_column fusion-builder-column-1 fusion_builder_column_1_2 1_2 fusion-flex-column\" style=\"--awb-bg-size:cover;--awb-width-large:50%;--awb-margin-top-large:0px;--awb-spacing-right-large:3.84%;--awb-margin-bottom-large:20px;--awb-spacing-left-large:3.84%;--awb-width-medium:50%;--awb-order-medium:0;--awb-spacing-right-medium:3.84%;--awb-spacing-left-medium:3.84%;--awb-width-small:100%;--awb-order-small:0;--awb-spacing-right-small:1.92%;--awb-spacing-left-small:1.92%;\"><div class=\"fusion-column-wrapper fusion-column-has-shadow fusion-flex-justify-content-flex-start fusion-content-layout-column\"><div class=\"fusion-title title fusion-title-1 fusion-sep-none fusion-title-text fusion-title-size-one\" style=\"--awb-text-color:var(--awb-color5);\"><h1 class=\"fusion-title-heading title-heading-left\" style=\"margin:0;text-transform:uppercase;\">Servicios<\/h1><\/div><div class=\"fusion-title title fusion-title-2 fusion-sep-none fusion-title-text fusion-title-size-two\"><h2 class=\"fusion-title-heading title-heading-left\" style=\"margin:0;\">En Motus Aqua te ofrecemos servicios de fisioterapia acu\u00e1tica para mejorar tu salud y conseguir que te encuentres mejor<\/h2><\/div><div class=\"fusion-text fusion-text-1\"><p>La principal herramienta de trabajo de Motus Aqua es la fisioterapia acu\u00e1tica. Lo que hacemos es aprovechar todos los beneficios que aporta llevar a cabo las terapias f\u00edsicas propias de la disciplina de la fisioterapia dentro del agua para conseguir reducir el dolor, recuperar movilidad e incrementar fuerza.<\/p>\n<\/div><\/div><\/div><\/div><\/div><div class=\"fusion-fullwidth fullwidth-box fusion-builder-row-2 fusion-flex-container has-pattern-background has-mask-background hundred-percent-fullwidth non-hundred-percent-height-scrolling\" style=\"--awb-border-radius-top-left:0px;--awb-border-radius-top-right:0px;--awb-border-radius-bottom-right:0px;--awb-border-radius-bottom-left:0px;--awb-padding-top:5%;--awb-padding-bottom:5%;--awb-background-color:#a0d9d9;--awb-flex-wrap:wrap;\" ><div class=\"fusion-builder-row fusion-row fusion-flex-align-items-flex-start fusion-flex-content-wrap\" style=\"width:104% !important;max-width:104% !important;margin-left: calc(-4% \/ 2 );margin-right: calc(-4% \/ 2 );\"><div class=\"fusion-layout-column fusion_builder_column fusion-builder-column-2 fusion_builder_column_1_2 1_2 fusion-flex-column\" style=\"--awb-padding-top:5%;--awb-padding-right:5%;--awb-padding-bottom:5%;--awb-padding-left:5%;--awb-overflow:hidden;--awb-bg-color:var(--awb-color5);--awb-bg-color-hover:var(--awb-color5);--awb-bg-size:cover;--awb-border-radius:20px 20px 20px 20px;--awb-width-large:50%;--awb-margin-top-large:0px;--awb-spacing-right-large:3.84%;--awb-margin-bottom-large:20px;--awb-spacing-left-large:3.84%;--awb-width-medium:50%;--awb-order-medium:0;--awb-spacing-right-medium:3.84%;--awb-spacing-left-medium:3.84%;--awb-width-small:100%;--awb-order-small:0;--awb-spacing-right-small:1.92%;--awb-spacing-left-small:1.92%;\"><div class=\"fusion-column-wrapper fusion-column-has-shadow fusion-flex-justify-content-flex-start fusion-content-layout-column\"><div class=\"fusion-title title fusion-title-3 fusion-sep-none fusion-title-text fusion-title-size-two\" style=\"--awb-text-color:var(--awb-color1);\"><h2 class=\"fusion-title-heading title-heading-left\" style=\"margin:0;text-transform:uppercase;\">Programa de Terapia Acu\u00e1tica \u201cEspalda Fuerte\u201d<\/h2><\/div><div class=\"fusion-separator fusion-full-width-sep\" style=\"align-self: center;margin-left: auto;margin-right: auto;margin-top:3%;margin-bottom:3%;width:100%;\"><div class=\"fusion-separator-border sep-single sep-solid\" style=\"--awb-height:20px;--awb-amount:20px;--awb-sep-color:#a0d9d9;border-color:#a0d9d9;border-top-width:3px;\"><\/div><\/div><div class=\"fusion-title title fusion-title-4 fusion-sep-none fusion-title-text fusion-title-size-three\" style=\"--awb-text-color:var(--awb-color1);\"><h3 class=\"fusion-title-heading title-heading-left\" style=\"margin:0;\">\u00bfA qui\u00e9n va dirigido este programa?<\/h3><\/div><div class=\"fusion-text fusion-text-2\" style=\"--awb-text-color:#ffffff;\"><p>Est\u00e1 indicado para aquellas personas que a menudo tienen molestias en la espalda (tanto en la parte lumbar como la parte cervical) y tienen poca actividad f\u00edsica o se pasan muchas horas en la misma postura.<\/p>\n<\/div><div class=\"fusion-title title fusion-title-5 fusion-sep-none fusion-title-text fusion-title-size-three\" style=\"--awb-text-color:var(--awb-color1);\"><h3 class=\"fusion-title-heading title-heading-left\" style=\"margin:0;\">\u00bfQu\u00e9 trabaja este programa?<\/h3><\/div><div class=\"fusion-text fusion-text-3\" style=\"--awb-text-color:#ffffff;\"><p>Es un programa que trabaja la movilidad, la fuerza y consciencia corporal de la columna vertebral. Mejorando el tono muscular, la movilidad y la postura para evitar molestias y el dolor que provocan.<\/p>\n<\/div><div class=\"fusion-title title fusion-title-6 fusion-sep-none fusion-title-text fusion-title-size-three\" style=\"--awb-text-color:var(--awb-color1);\"><h3 class=\"fusion-title-heading title-heading-left\" style=\"margin:0;\">Es el programa ideal si\u2026<\/h3><\/div><div class=\"fusion-text fusion-text-4\" style=\"--awb-text-color:#ffffff;\"><p>Te han recomendado \u201cnadar\u201d para la espalda.<\/p>\n<\/div><div class=\"fusion-title title fusion-title-7 fusion-sep-none fusion-title-text fusion-title-size-three\" style=\"--awb-text-color:var(--awb-color1);\"><h3 class=\"fusion-title-heading title-heading-left\" style=\"margin:0;\">\u00bfC\u00f3mo funciona?<\/h3><\/div><div class=\"fusion-text fusion-text-5\" style=\"--awb-text-color:#ffffff;\"><p>Se reciben las pautas de actividad cada 2 semanas, durante 2 meses.<\/p>\n<\/div><div ><a class=\"fusion-button button-flat fusion-button-default-size button-default fusion-button-default button-1 fusion-button-default-span fusion-button-default-type\" style=\"--button-border-radius-top-left:100px;--button-border-radius-top-right:100px;--button-border-radius-bottom-right:100px;--button-border-radius-bottom-left:100px;\" target=\"_self\" href=\"https:\/\/motusaqua.com\/es\/contacto\/\"><span class=\"fusion-button-text awb-button__text awb-button__text--default\">Haz el cuestionario para saber si es adecuado para ti<\/span><\/a><\/div><\/div><\/div><div class=\"fusion-layout-column fusion_builder_column fusion-builder-column-3 fusion_builder_column_1_2 1_2 fusion-flex-column\" style=\"--awb-padding-top:5%;--awb-padding-right:5%;--awb-padding-bottom:5%;--awb-padding-left:5%;--awb-overflow:hidden;--awb-bg-color:var(--awb-color5);--awb-bg-color-hover:var(--awb-color5);--awb-bg-size:cover;--awb-border-radius:20px 20px 20px 20px;--awb-width-large:50%;--awb-margin-top-large:0px;--awb-spacing-right-large:3.84%;--awb-margin-bottom-large:20px;--awb-spacing-left-large:3.84%;--awb-width-medium:50%;--awb-order-medium:0;--awb-spacing-right-medium:3.84%;--awb-spacing-left-medium:3.84%;--awb-width-small:100%;--awb-order-small:0;--awb-spacing-right-small:1.92%;--awb-spacing-left-small:1.92%;\"><div class=\"fusion-column-wrapper fusion-column-has-shadow fusion-flex-justify-content-flex-start fusion-content-layout-column\"><div class=\"fusion-title title fusion-title-8 fusion-sep-none fusion-title-text fusion-title-size-two\" style=\"--awb-text-color:var(--awb-color1);\"><h2 class=\"fusion-title-heading title-heading-left\" style=\"margin:0;text-transform:uppercase;\">Programa Personalizado<\/p>\n<p>\u201cPara ti\u201d<\/p><\/h2><\/div><div class=\"fusion-separator fusion-full-width-sep\" style=\"align-self: center;margin-left: auto;margin-right: auto;margin-top:3%;margin-bottom:3%;width:100%;\"><div class=\"fusion-separator-border sep-single sep-solid\" style=\"--awb-height:20px;--awb-amount:20px;--awb-sep-color:#a0d9d9;border-color:#a0d9d9;border-top-width:3px;\"><\/div><\/div><div class=\"fusion-title title fusion-title-9 fusion-sep-none fusion-title-text fusion-title-size-three\" style=\"--awb-text-color:var(--awb-color1);\"><h3 class=\"fusion-title-heading title-heading-left\" style=\"margin:0;\">\u00bfA qui\u00e9n va dirigido este programa?<\/h3><\/div><div class=\"fusion-text fusion-text-6\" style=\"--awb-text-color:#ffffff;\"><p>Adecuado cuando necesitas un tratamiento personalizado de terapia acu\u00e1tica.<\/p>\n<\/div><div class=\"fusion-title title fusion-title-10 fusion-sep-none fusion-title-text fusion-title-size-three\" style=\"--awb-text-color:var(--awb-color1);\"><h3 class=\"fusion-title-heading title-heading-left\" style=\"margin:0;\">\u00bfQu\u00e9 trabaja este programa?<\/h3><\/div><div class=\"fusion-text fusion-text-7\" style=\"--awb-text-color:#ffffff;\"><p>Se adapta 100% a las necesidades de la persona, como si se tratara de un traje a medida.<\/p>\n<\/div><div class=\"fusion-title title fusion-title-11 fusion-sep-none fusion-title-text fusion-title-size-three\" style=\"--awb-text-color:var(--awb-color1);\"><h3 class=\"fusion-title-heading title-heading-left\" style=\"margin:0;\">Es el programa ideal si\u2026<\/h3><\/div><div class=\"fusion-text fusion-text-8\" style=\"--awb-text-color:#ffffff;\"><ul>\n<li style=\"font-weight: 400;\" aria-level=\"2\"><span style=\"font-weight: 400;\">Necesitas rehabilitaci\u00f3n de una intervenci\u00f3n quir\u00fargica o lesi\u00f3n (p\u00e9rdida de movimiento y fuerza con dolor o sin dolor)<\/span><\/li>\n<li style=\"font-weight: 400;\" aria-level=\"2\"><span style=\"font-weight: 400;\">Afectaci\u00f3n del sistema nervioso<\/span><\/li>\n<li style=\"font-weight: 400;\" aria-level=\"2\"><span style=\"font-weight: 400;\">Enfermedad Reumatoide<\/span><\/li>\n<li style=\"font-weight: 400;\" aria-level=\"2\"><span style=\"font-weight: 400;\">P\u00e9rdida de funcionalidad<\/span><\/li>\n<\/ul>\n<\/div><div class=\"fusion-title title fusion-title-12 fusion-sep-none fusion-title-text fusion-title-size-three\" style=\"--awb-text-color:var(--awb-color1);\"><h3 class=\"fusion-title-heading title-heading-left\" style=\"margin:0;\">\u00bfC\u00f3mo funciona?<\/h3><\/div><div class=\"fusion-text fusion-text-9\" style=\"--awb-text-color:#ffffff;\"><p>El programa \u201cPara ti\u201d hace una videoconsulta para realizar la valoraci\u00f3n y as\u00ed generar el plan de terapia acu\u00e1tica. Se genera el plan personalizado y lo recibir\u00e1s a trav\u00e9s de la aplicaci\u00f3n. A partir del seguimiento, se crear\u00e1n los siguientes planes para conseguir los objetivos establecidos.<\/p>\n<\/div><div ><a class=\"fusion-button button-flat fusion-button-default-size button-default fusion-button-default button-2 fusion-button-default-span fusion-button-default-type\" style=\"--button-border-radius-top-left:100px;--button-border-radius-top-right:100px;--button-border-radius-bottom-right:100px;--button-border-radius-bottom-left:100px;\" target=\"_self\" href=\"https:\/\/motusaqua.com\/es\/contacto\/\"><span class=\"fusion-button-text awb-button__text awb-button__text--default\">Adapta tu programa<\/span><\/a><\/div><\/div><\/div><\/div><\/div><div class=\"fusion-fullwidth fullwidth-box fusion-builder-row-3 fusion-flex-container has-pattern-background has-mask-background nonhundred-percent-fullwidth non-hundred-percent-height-scrolling\" style=\"--awb-border-radius-top-left:0px;--awb-border-radius-top-right:0px;--awb-border-radius-bottom-right:0px;--awb-border-radius-bottom-left:0px;--awb-padding-top:3%;--awb-padding-bottom:3%;--awb-flex-wrap:wrap;\" ><div class=\"fusion-builder-row fusion-row fusion-flex-align-items-center fusion-flex-content-wrap\" style=\"max-width:1248px;margin-left: calc(-4% \/ 2 );margin-right: calc(-4% \/ 2 );\"><div class=\"fusion-layout-column fusion_builder_column fusion-builder-column-4 fusion_builder_column_1_2 1_2 fusion-flex-column\" style=\"--awb-bg-size:cover;--awb-width-large:50%;--awb-margin-top-large:0px;--awb-spacing-right-large:3.84%;--awb-margin-bottom-large:20px;--awb-spacing-left-large:3.84%;--awb-width-medium:50%;--awb-order-medium:0;--awb-spacing-right-medium:3.84%;--awb-spacing-left-medium:3.84%;--awb-width-small:100%;--awb-order-small:0;--awb-spacing-right-small:1.92%;--awb-spacing-left-small:1.92%;\"><div class=\"fusion-column-wrapper fusion-column-has-shadow fusion-flex-justify-content-flex-start fusion-content-layout-column\"><div class=\"fusion-title title fusion-title-13 fusion-sep-none fusion-title-text fusion-title-size-two\"><h2 class=\"fusion-title-heading title-heading-left\" style=\"margin:0;text-transform:uppercase;\">\u00bfC\u00f3mo se aplica Motus Aqua online?<\/h2><\/div><div class=\"fusion-text fusion-text-10\"><p><span style=\"font-weight: 400;\">Los programas de Motus Aqua son la aplicaci\u00f3n ( <\/span><a href=\"https:\/\/rehbody.net\/\" target=\"_blank\" rel=\"noopener\"><span style=\"font-weight: 400;\">RehBody | Fisioterapia Digital Basada En La Evidencia<\/span><\/a><span style=\"font-weight: 400;\">) de ejercicio terap\u00e9utico dentro del agua. Recibir\u00e1s una pauta de ejercicios que podr\u00e1s seguir a partir de una aplicaci\u00f3n que te ir\u00e1 guiando para realizar la terapia. <\/span><\/p>\n<p><span style=\"font-weight: 400;\">Si tienes cualquier duda acerca de la propuesta de ejercicios, tambi\u00e9n dispones de consultas con el fisioterapeuta.<\/span><\/p>\n<\/div><div class=\"fusion-title title fusion-title-14 fusion-sep-none fusion-title-text fusion-title-size-three\"><h3 class=\"fusion-title-heading title-heading-left\" style=\"margin:0;\">\u00bfC\u00f3mo debe de ser la piscina para poder llevar a cabo los ejercicios?<\/h3><\/div><div class=\"fusion-text fusion-text-11\"><p><span style=\"font-weight: 400;\">Se necesita disponer de una piscina con estas caracter\u00edsticas:<\/span><\/p>\n<ul>\n<li style=\"font-weight: 400;\" aria-level=\"1\"><span style=\"font-weight: 400;\">Ideal temperatura m\u00ednima 32 grados<\/span><\/li>\n<li style=\"font-weight: 400;\" aria-level=\"1\"><span style=\"font-weight: 400;\">Agua que llegue al nivel del pecho (es necesario poder tocar el suelo con los pies)<\/span><\/li>\n<li style=\"font-weight: 400;\" aria-level=\"1\"><span style=\"font-weight: 400;\">Posibilidad de flotabilidad y desplazamiento <\/span><\/li>\n<\/ul>\n<\/div><\/div><\/div><div class=\"fusion-layout-column fusion_builder_column fusion-builder-column-5 fusion_builder_column_1_2 1_2 fusion-flex-column\" style=\"--awb-bg-size:cover;--awb-width-large:50%;--awb-margin-top-large:0px;--awb-spacing-right-large:3.84%;--awb-margin-bottom-large:20px;--awb-spacing-left-large:3.84%;--awb-width-medium:50%;--awb-order-medium:0;--awb-spacing-right-medium:3.84%;--awb-spacing-left-medium:3.84%;--awb-width-small:100%;--awb-order-small:0;--awb-spacing-right-small:1.92%;--awb-spacing-left-small:1.92%;\"><div class=\"fusion-column-wrapper fusion-column-has-shadow fusion-flex-justify-content-flex-start fusion-content-layout-column\"><div class=\"fusion-image-element \" style=\"text-align:center;--awb-max-width:80%;--awb-caption-title-font-family:var(--h2_typography-font-family);--awb-caption-title-font-weight:var(--h2_typography-font-weight);--awb-caption-title-font-style:var(--h2_typography-font-style);--awb-caption-title-size:var(--h2_typography-font-size);--awb-caption-title-transform:var(--h2_typography-text-transform);--awb-caption-title-line-height:var(--h2_typography-line-height);--awb-caption-title-letter-spacing:var(--h2_typography-letter-spacing);\"><span class=\" fusion-imageframe imageframe-none imageframe-2 hover-type-none\" style=\"border-radius:10000px;\"><img decoding=\"async\" width=\"1707\" height=\"2560\" title=\"9c460141ea5641332e606443f9a62747f7056b7e\" src=\"https:\/\/motusaqua.com\/wp-content\/uploads\/2025\/11\/9c460141ea5641332e606443f9a62747f7056b7e-scaled.jpg\" alt class=\"img-responsive wp-image-122\" srcset=\"https:\/\/motusaqua.com\/wp-content\/uploads\/2025\/11\/9c460141ea5641332e606443f9a62747f7056b7e-200x300.jpg 200w, https:\/\/motusaqua.com\/wp-content\/uploads\/2025\/11\/9c460141ea5641332e606443f9a62747f7056b7e-400x600.jpg 400w, https:\/\/motusaqua.com\/wp-content\/uploads\/2025\/11\/9c460141ea5641332e606443f9a62747f7056b7e-600x900.jpg 600w, https:\/\/motusaqua.com\/wp-content\/uploads\/2025\/11\/9c460141ea5641332e606443f9a62747f7056b7e-800x1200.jpg 800w, https:\/\/motusaqua.com\/wp-content\/uploads\/2025\/11\/9c460141ea5641332e606443f9a62747f7056b7e-1200x1800.jpg 1200w, https:\/\/motusaqua.com\/wp-content\/uploads\/2025\/11\/9c460141ea5641332e606443f9a62747f7056b7e-scaled.jpg 1707w\" sizes=\"(max-width: 640px) 100vw, 600px\" \/><\/span><\/div><\/div><\/div><\/div><\/div><\/p>\n","protected":false},"excerpt":{"rendered":"","protected":false},"author":1,"featured_media":0,"parent":0,"menu_order":0,"comment_status":"closed","ping_status":"closed","template":"100-width.php","meta":{"footnotes":""},"class_list":["post-108","page","type-page","status-publish","hentry"],"_links":{"self":[{"href":"https:\/\/motusaqua.com\/es\/wp-json\/wp\/v2\/pages\/108","targetHints":{"allow":["GET"]}}],"collection":[{"href":"https:\/\/motusaqua.com\/es\/wp-json\/wp\/v2\/pages"}],"about":[{"href":"https:\/\/motusaqua.com\/es\/wp-json\/wp\/v2\/types\/page"}],"author":[{"embeddable":true,"href":"https:\/\/motusaqua.com\/es\/wp-json\/wp\/v2\/users\/1"}],"replies":[{"embeddable":true,"href":"https:\/\/motusaqua.com\/es\/wp-json\/wp\/v2\/comments?post=108"}],"version-history":[{"count":7,"href":"https:\/\/motusaqua.com\/es\/wp-json\/wp\/v2\/pages\/108\/revisions"}],"predecessor-version":[{"id":150,"href":"https:\/\/motusaqua.com\/es\/wp-json\/wp\/v2\/pages\/108\/revisions\/150"}],"wp:attachment":[{"href":"https:\/\/motusaqua.com\/es\/wp-json\/wp\/v2\/media?parent=108"}],"curies":[{"name":"wp","href":"https:\/\/api.w.org\/{rel}","templated":true}]}}